{"id":411,"date":"2025-02-12T22:02:57","date_gmt":"2025-02-13T03:02:57","guid":{"rendered":"https:\/\/fst.com.co\/?post_type=product&#038;p=411"},"modified":"2025-02-13T18:57:04","modified_gmt":"2025-02-13T23:57:04","slug":"dc-9105e-conventional-reflective-beam-detector","status":"publish","type":"product","link":"https:\/\/fst.com.co\/?product=dc-9105e-conventional-reflective-beam-detector","title":{"rendered":"DC-9105E Conventional Reflective Beam Detector"},"content":{"rendered":"<p><strong><span>Caracter\u00edstica<\/span><\/strong><\/p>\n<p><span>\u00a0\u00a0\u00a0 \u2606 Alimentaci\u00f3n de 24 V.<\/span><br \/>\n<span>\u00a0\u00a0\u00a0 \u2606 Trayectoria \u00f3ptica de 5 a 100 metros.<\/span><br \/>\n<span>\u00a0\u00a0\u00a0 \u2606 \u00c1rea m\u00e1xima de monitoreo: 14 x 100 = 1400 m2<\/span><br \/>\n<span>\u00a0\u00a0\u00a0 \u2606 Ancho m\u00e1ximo: 14 m<\/span><br \/>\n<span>\u00a0\u00a0\u00a0 \u2606 La combinaci\u00f3n de la parte emisora \u200b\u200by receptora hace que el montaje sea f\u00e1cil y la trayectoria \u00f3ptica precisa.<\/span><br \/>\n<span>\u00a0\u00a0\u00a0 \u2606 El microprocesador incorporado permite un juicio inteligente sobre alarmas de incendio y fallas.<\/span><br \/>\n<span>\u00a0\u00a0\u00a0 \u2606 F\u00e1cil alineaci\u00f3n y puesta en servicio mediante el soporte de puntero l\u00e1ser integrado e indicaci\u00f3n de intensidad de se\u00f1al digital.<\/span><\/p>\n<p><span>\u00a0\u00a0\u00a0 \u2606 Funci\u00f3n de autodiagn\u00f3stico que puede monitorear fallas internas.<\/span><\/p>\n","protected":false},"excerpt":{"rendered":"<p>Caracter\u00edstica \u00a0\u00a0\u00a0 \u2606 Alimentaci\u00f3n de 24 V. \u00a0\u00a0\u00a0 \u2606 Trayectoria \u00f3ptica de 5 a 100 metros. \u00a0\u00a0\u00a0 \u2606 \u00c1rea m\u00e1xima de monitoreo: 14 x 100 = 1400 m2 \u00a0\u00a0\u00a0 \u2606 Ancho m\u00e1ximo: 14 m \u00a0\u00a0\u00a0 \u2606 La combinaci\u00f3n de la parte emisora \u200b\u200by receptora hace que el montaje sea f\u00e1cil y la trayectoria \u00f3ptica precisa. &hellip;<\/p>\n<p class=\"read-more\"> <a class=\"\" href=\"https:\/\/fst.com.co\/?product=dc-9105e-conventional-reflective-beam-detector\"> <span class=\"screen-reader-text\">DC-9105E Conventional Reflective Beam Detector<\/span> Leer m\u00e1s &raquo;<\/a><\/p>\n","protected":false},"featured_media":412,"comment_status":"open","ping_status":"closed","template":"","meta":{"site-sidebar-layout":"default","site-content-layout":"default","ast-global-header-display":"","ast-banner-title-visibility":"","ast-main-header-display":"","ast-hfb-above-header-display":"","ast-hfb-below-header-display":"","ast-hfb-mobile-header-display":"","site-post-title":"","ast-breadcrumbs-content":"","ast-featured-img":"","footer-sml-layout":"","theme-transparent-header-meta":"default","adv-header-id-meta":"","stick-header-meta":"","header-above-stick-meta":"","header-main-stick-meta":"","header-below-stick-meta":"","_joinchat":[]},"product_cat":[19],"product_tag":[],"class_list":{"0":"post-411","1":"product","2":"type-product","3":"status-publish","4":"has-post-thumbnail","6":"product_cat-detectores","7":"desktop-align-left","8":"tablet-align-left","9":"mobile-align-left","11":"first","12":"instock","13":"shipping-taxable","14":"purchasable","15":"product-type-simple"},"_links":{"self":[{"href":"https:\/\/fst.com.co\/index.php?rest_route=\/wp\/v2\/product\/411","targetHints":{"allow":["GET"]}}],"collection":[{"href":"https:\/\/fst.com.co\/index.php?rest_route=\/wp\/v2\/product"}],"about":[{"href":"https:\/\/fst.com.co\/index.php?rest_route=\/wp\/v2\/types\/product"}],"replies":[{"embeddable":true,"href":"https:\/\/fst.com.co\/index.php?rest_route=%2Fwp%2Fv2%2Fcomments&post=411"}],"wp:featuredmedia":[{"embeddable":true,"href":"https:\/\/fst.com.co\/index.php?rest_route=\/wp\/v2\/media\/412"}],"wp:attachment":[{"href":"https:\/\/fst.com.co\/index.php?rest_route=%2Fwp%2Fv2%2Fmedia&parent=411"}],"wp:term":[{"taxonomy":"product_cat","embeddable":true,"href":"https:\/\/fst.com.co\/index.php?rest_route=%2Fwp%2Fv2%2Fproduct_cat&post=411"},{"taxonomy":"product_tag","embeddable":true,"href":"https:\/\/fst.com.co\/index.php?rest_route=%2Fwp%2Fv2%2Fproduct_tag&post=411"}],"curies":[{"name":"wp","href":"https:\/\/api.w.org\/{rel}","templated":true}]}}