{"id":390,"date":"2023-08-15T12:57:16","date_gmt":"2023-08-15T17:57:16","guid":{"rendered":"https:\/\/fst.com.co\/?post_type=product&#038;p=390"},"modified":"2025-02-03T18:44:50","modified_gmt":"2025-02-03T23:44:50","slug":"detector-de-temperatura-direccionable-notifier-fst-951","status":"publish","type":"product","link":"https:\/\/fst.com.co\/?product=detector-de-temperatura-direccionable-notifier-fst-951","title":{"rendered":"FST-951-NOTIFIER DETECTOR DE TEMPERATURA DIRECCIONABLE"},"content":{"rendered":"<p>Detector t\u00e9rmico (calor) direccionable inteligente de la serie FST-951 con sistemas de protocolo FlashScan y CLIP. Conexi\u00f3n SLC de dos hilos y \u00e1ngulo de visi\u00f3n de 360\u00b0. Bases opcionales de rel\u00e9, aislador y sonda. Listado UL\/ULC. FM, y CSFM aprobado. Reemplaza FST-851<\/p>\n","protected":false},"excerpt":{"rendered":"<p>Detector t\u00e9rmico (calor) direccionable inteligente de la serie FST-951 con sistemas de protocolo FlashScan y CLIP. Conexi\u00f3n SLC de dos hilos y \u00e1ngulo de visi\u00f3n de 360\u00b0. Bases opcionales de rel\u00e9, aislador y sonda. Listado UL\/ULC. FM, y CSFM aprobado. Reemplaza FST-851<\/p>\n","protected":false},"featured_media":391,"comment_status":"open","ping_status":"closed","template":"","meta":{"site-sidebar-layout":"default","site-content-layout":"default","ast-global-header-display":"","ast-banner-title-visibility":"","ast-main-header-display":"","ast-hfb-above-header-display":"","ast-hfb-below-header-display":"","ast-hfb-mobile-header-display":"","site-post-title":"","ast-breadcrumbs-content":"","ast-featured-img":"","footer-sml-layout":"","theme-transparent-header-meta":"default","adv-header-id-meta":"","stick-header-meta":"","header-above-stick-meta":"","header-main-stick-meta":"","header-below-stick-meta":"","_joinchat":[]},"product_cat":[15],"product_tag":[],"class_list":{"0":"post-390","1":"product","2":"type-product","3":"status-publish","4":"has-post-thumbnail","6":"product_cat-uncategorized","7":"desktop-align-left","8":"tablet-align-left","9":"mobile-align-left","11":"first","12":"instock","13":"shipping-taxable","14":"purchasable","15":"product-type-simple"},"_links":{"self":[{"href":"https:\/\/fst.com.co\/index.php?rest_route=\/wp\/v2\/product\/390","targetHints":{"allow":["GET"]}}],"collection":[{"href":"https:\/\/fst.com.co\/index.php?rest_route=\/wp\/v2\/product"}],"about":[{"href":"https:\/\/fst.com.co\/index.php?rest_route=\/wp\/v2\/types\/product"}],"replies":[{"embeddable":true,"href":"https:\/\/fst.com.co\/index.php?rest_route=%2Fwp%2Fv2%2Fcomments&post=390"}],"wp:featuredmedia":[{"embeddable":true,"href":"https:\/\/fst.com.co\/index.php?rest_route=\/wp\/v2\/media\/391"}],"wp:attachment":[{"href":"https:\/\/fst.com.co\/index.php?rest_route=%2Fwp%2Fv2%2Fmedia&parent=390"}],"wp:term":[{"taxonomy":"product_cat","embeddable":true,"href":"https:\/\/fst.com.co\/index.php?rest_route=%2Fwp%2Fv2%2Fproduct_cat&post=390"},{"taxonomy":"product_tag","embeddable":true,"href":"https:\/\/fst.com.co\/index.php?rest_route=%2Fwp%2Fv2%2Fproduct_tag&post=390"}],"curies":[{"name":"wp","href":"https:\/\/api.w.org\/{rel}","templated":true}]}}